{"id":148,"date":"2023-06-25T12:19:59","date_gmt":"2023-06-25T15:19:59","guid":{"rendered":"https:\/\/www.agenciababy.com.br\/modelos\/?page_id=148"},"modified":"2025-12-22T22:56:22","modified_gmt":"2025-12-23T01:56:22","slug":"selecao-vogue-sp-2","status":"publish","type":"page","link":"https:\/\/www.agenciababy.com.br\/modelos\/","title":{"rendered":"Ag\u00eancia Baby"},"content":{"rendered":"","protected":false},"excerpt":{"rendered":"","protected":false},"author":1,"featured_media":0,"parent":0,"menu_order":0,"comment_status":"closed","ping_status":"closed","template":"","meta":[],"acf":[],"yoast_head":"<!-- This site is optimized with the Yoast SEO plugin v20.11 - https:\/\/yoast.com\/wordpress\/plugins\/seo\/ -->\n<title>Ag\u00eancia Baby - Baby - Ag\u00eancia de Modelos<\/title>\n<meta name=\"robots\" content=\"index, follow, max-snippet:-1, max-image-preview:large, max-video-preview:-1\" \/>\n<link rel=\"canonical\" href=\"https:\/\/www.agenciababy.com.br\/modelos\/\" \/>\n<meta property=\"og:locale\" content=\"pt_BR\" \/>\n<meta property=\"og:type\" content=\"article\" \/>\n<meta property=\"og:title\" content=\"Ag\u00eancia Baby - Baby - Ag\u00eancia de Modelos\" \/>\n<meta property=\"og:url\" content=\"https:\/\/www.agenciababy.com.br\/modelos\/\" \/>\n<meta property=\"og:site_name\" content=\"Baby - Ag\u00eancia de Modelos\" \/>\n<meta property=\"article:modified_time\" content=\"2025-12-23T01:56:22+00:00\" \/>\n<meta name=\"twitter:card\" content=\"summary_large_image\" \/>\n<script type=\"application\/ld+json\" class=\"yoast-schema-graph\">{\"@context\":\"https:\/\/schema.org\",\"@graph\":[{\"@type\":\"WebPage\",\"@id\":\"https:\/\/www.agenciababy.com.br\/modelos\/\",\"url\":\"https:\/\/www.agenciababy.com.br\/modelos\/\",\"name\":\"Ag\u00eancia Baby - Baby - Ag\u00eancia de Modelos\",\"isPartOf\":{\"@id\":\"https:\/\/www.agenciababy.com.br\/modelos\/#website\"},\"datePublished\":\"2023-06-25T15:19:59+00:00\",\"dateModified\":\"2025-12-23T01:56:22+00:00\",\"breadcrumb\":{\"@id\":\"https:\/\/www.agenciababy.com.br\/modelos\/#breadcrumb\"},\"inLanguage\":\"pt-BR\",\"potentialAction\":[{\"@type\":\"ReadAction\",\"target\":[\"https:\/\/www.agenciababy.com.br\/modelos\/\"]}]},{\"@type\":\"BreadcrumbList\",\"@id\":\"https:\/\/www.agenciababy.com.br\/modelos\/#breadcrumb\",\"itemListElement\":[{\"@type\":\"ListItem\",\"position\":1,\"name\":\"In\u00edcio\",\"item\":\"https:\/\/www.agenciababy.com.br\/modelos\/\"},{\"@type\":\"ListItem\",\"position\":2,\"name\":\"Ag\u00eancia Baby\"}]},{\"@type\":\"WebSite\",\"@id\":\"https:\/\/www.agenciababy.com.br\/modelos\/#website\",\"url\":\"https:\/\/www.agenciababy.com.br\/modelos\/\",\"name\":\"Baby - Ag\u00eancia de Modelos\",\"description\":\"Ag\u00eancia de Modelos focada em beb\u00eas e crian\u00e7as\",\"potentialAction\":[{\"@type\":\"SearchAction\",\"target\":{\"@type\":\"EntryPoint\",\"urlTemplate\":\"https:\/\/www.agenciababy.com.br\/modelos\/?s={search_term_string}\"},\"query-input\":\"required name=search_term_string\"}],\"inLanguage\":\"pt-BR\"}]}<\/script>\n<!-- \/ Yoast SEO plugin. -->","yoast_head_json":{"title":"Ag\u00eancia Baby - Baby - Ag\u00eancia de Modelos","robots":{"index":"index","follow":"follow","max-snippet":"max-snippet:-1","max-image-preview":"max-image-preview:large","max-video-preview":"max-video-preview:-1"},"canonical":"https:\/\/www.agenciababy.com.br\/modelos\/","og_locale":"pt_BR","og_type":"article","og_title":"Ag\u00eancia Baby - Baby - Ag\u00eancia de Modelos","og_url":"https:\/\/www.agenciababy.com.br\/modelos\/","og_site_name":"Baby - Ag\u00eancia de Modelos","article_modified_time":"2025-12-23T01:56:22+00:00","twitter_card":"summary_large_image","schema":{"@context":"https:\/\/schema.org","@graph":[{"@type":"WebPage","@id":"https:\/\/www.agenciababy.com.br\/modelos\/","url":"https:\/\/www.agenciababy.com.br\/modelos\/","name":"Ag\u00eancia Baby - Baby - Ag\u00eancia de Modelos","isPartOf":{"@id":"https:\/\/www.agenciababy.com.br\/modelos\/#website"},"datePublished":"2023-06-25T15:19:59+00:00","dateModified":"2025-12-23T01:56:22+00:00","breadcrumb":{"@id":"https:\/\/www.agenciababy.com.br\/modelos\/#breadcrumb"},"inLanguage":"pt-BR","potentialAction":[{"@type":"ReadAction","target":["https:\/\/www.agenciababy.com.br\/modelos\/"]}]},{"@type":"BreadcrumbList","@id":"https:\/\/www.agenciababy.com.br\/modelos\/#breadcrumb","itemListElement":[{"@type":"ListItem","position":1,"name":"In\u00edcio","item":"https:\/\/www.agenciababy.com.br\/modelos\/"},{"@type":"ListItem","position":2,"name":"Ag\u00eancia Baby"}]},{"@type":"WebSite","@id":"https:\/\/www.agenciababy.com.br\/modelos\/#website","url":"https:\/\/www.agenciababy.com.br\/modelos\/","name":"Baby - Ag\u00eancia de Modelos","description":"Ag\u00eancia de Modelos focada em beb\u00eas e crian\u00e7as","potentialAction":[{"@type":"SearchAction","target":{"@type":"EntryPoint","urlTemplate":"https:\/\/www.agenciababy.com.br\/modelos\/?s={search_term_string}"},"query-input":"required name=search_term_string"}],"inLanguage":"pt-BR"}]}},"_links":{"self":[{"href":"https:\/\/www.agenciababy.com.br\/modelos\/wp-json\/wp\/v2\/pages\/148"}],"collection":[{"href":"https:\/\/www.agenciababy.com.br\/modelos\/wp-json\/wp\/v2\/pages"}],"about":[{"href":"https:\/\/www.agenciababy.com.br\/modelos\/wp-json\/wp\/v2\/types\/page"}],"author":[{"embeddable":true,"href":"https:\/\/www.agenciababy.com.br\/modelos\/wp-json\/wp\/v2\/users\/1"}],"replies":[{"embeddable":true,"href":"https:\/\/www.agenciababy.com.br\/modelos\/wp-json\/wp\/v2\/comments?post=148"}],"version-history":[{"count":15,"href":"https:\/\/www.agenciababy.com.br\/modelos\/wp-json\/wp\/v2\/pages\/148\/revisions"}],"predecessor-version":[{"id":187,"href":"https:\/\/www.agenciababy.com.br\/modelos\/wp-json\/wp\/v2\/pages\/148\/revisions\/187"}],"wp:attachment":[{"href":"https:\/\/www.agenciababy.com.br\/modelos\/wp-json\/wp\/v2\/media?parent=148"}],"curies":[{"name":"wp","href":"https:\/\/api.w.org\/{rel}","templated":true}]}}